{"id":27811,"date":"2024-03-12T17:40:16","date_gmt":"2024-03-12T17:40:16","guid":{"rendered":"https:\/\/www.maslak-trade.si\/piskotki-copy\/"},"modified":"2026-01-29T16:44:48","modified_gmt":"2026-01-29T16:44:48","slug":"politika-zasebnosti","status":"publish","type":"page","link":"https:\/\/www.elektroterm.si\/en\/politika-zasebnosti\/","title":{"rendered":"Politika zasebnosti"},"content":{"rendered":"<div data-elementor-type=\"wp-page\" data-elementor-id=\"27811\" class=\"elementor elementor-27811\" data-elementor-post-type=\"page\">\n\t\t\t\t<div class=\"elementor-element elementor-element-a034140 e-flex e-con-boxed e-con e-parent\" data-id=\"a034140\" data-element_type=\"container\" data-settings=\"{&quot;jet_parallax_layout_list&quot;:[{&quot;_id&quot;:&quot;792c3cc&quot;,&quot;jet_parallax_layout_image&quot;:{&quot;url&quot;:&quot;&quot;,&quot;id&quot;:&quot;&quot;,&quot;size&quot;:&quot;&quot;},&quot;jet_parallax_layout_image_tablet&quot;:{&quot;url&quot;:&quot;&quot;,&quot;id&quot;:&quot;&quot;,&quot;size&quot;:&quot;&quot;},&quot;jet_parallax_layout_image_mobile&quot;:{&quot;url&quot;:&quot;&quot;,&quot;id&quot;:&quot;&quot;,&quot;size&quot;:&quot;&quot;},&quot;jet_parallax_layout_speed&quot;:{&quot;unit&quot;:&quot;%&quot;,&quot;size&quot;:50,&quot;sizes&quot;:[]},&quot;jet_parallax_layout_type&quot;:&quot;scroll&quot;,&quot;jet_parallax_layout_direction&quot;:null,&quot;jet_parallax_layout_fx_direction&quot;:null,&quot;jet_parallax_layout_z_index&quot;:&quot;&quot;,&quot;jet_parallax_layout_bg_x&quot;:50,&quot;jet_parallax_layout_bg_x_tablet&quot;:&quot;&quot;,&quot;jet_parallax_layout_bg_x_mobile&quot;:&quot;&quot;,&quot;jet_parallax_layout_bg_y&quot;:50,&quot;jet_parallax_layout_bg_y_tablet&quot;:&quot;&quot;,&quot;jet_parallax_layout_bg_y_mobile&quot;:&quot;&quot;,&quot;jet_parallax_layout_bg_size&quot;:&quot;auto&quot;,&quot;jet_parallax_layout_bg_size_tablet&quot;:&quot;&quot;,&quot;jet_parallax_layout_bg_size_mobile&quot;:&quot;&quot;,&quot;jet_parallax_layout_animation_prop&quot;:&quot;transform&quot;,&quot;jet_parallax_layout_on&quot;:[&quot;desktop&quot;,&quot;tablet&quot;]}],&quot;background_background&quot;:&quot;classic&quot;}\">\n\t\t\t\t\t<div class=\"e-con-inner\">\n\t\t<div class=\"elementor-element elementor-element-6bdcb61 e-con-full e-flex e-con e-child\" data-id=\"6bdcb61\" data-element_type=\"container\" data-settings=\"{&quot;jet_parallax_layout_list&quot;:[]}\">\n\t\t\t\t<div class=\"elementor-element elementor-element-353edf2 elementor-widget__width-initial elementor-widget-mobile__width-inherit elementor-widget elementor-widget-heading\" data-id=\"353edf2\" data-element_type=\"widget\" data-widget_type=\"heading.default\">\n\t\t\t\t<div class=\"elementor-widget-container\">\n\t\t\t<h2 class=\"elementor-heading-title elementor-size-default\">Politika zasebnosti<\/h2>\t\t<\/div>\n\t\t\t\t<\/div>\n\t\t\t\t<div class=\"elementor-element elementor-element-506fcfe elementor-widget elementor-widget-pp-divider\" data-id=\"506fcfe\" data-element_type=\"widget\" data-widget_type=\"pp-divider.default\">\n\t\t\t\t<div class=\"elementor-widget-container\">\n\t\t\t\t\t<div class=\"pp-divider-wrap\">\n\t\t\t\t\t\t\t<div class=\"pp-divider pp-divider-vertical vertical pp-divider-solid solid\"><\/div>\n\t\t\t\t\t\t<\/div>    \n\t\t\t\t<\/div>\n\t\t\t\t<\/div>\n\t\t\t\t<div class=\"elementor-element elementor-element-e7310e5 elementor-widget elementor-widget-text-editor\" data-id=\"e7310e5\" data-element_type=\"widget\" data-widget_type=\"text-editor.default\">\n\t\t\t\t<div class=\"elementor-widget-container\">\n\t\t\t\t\t\t\t<div class=\"row\"><div class=\"col-md-5 col-sm-12\"><div class=\"upper-text\"><div class=\"elementor-element elementor-element-57d9c0c elementor-widget elementor-widget-text-editor\" data-id=\"57d9c0c\" data-element_type=\"widget\" data-widget_type=\"text-editor.default\"><div class=\"elementor-widget-container\"><div class=\"elementor-element elementor-element-759f69a elementor-widget elementor-widget-text-editor\" data-id=\"759f69a\" data-element_type=\"widget\" data-widget_type=\"text-editor.default\"><div class=\"elementor-widget-container\"><p>Ta politika varovanja podatkov ureja zbiranje, hrambo in obdelavo osebnih podatkov, ki jih <b>Elektroterm d.o.o.<\/b>\u00a0zbira od vas, ko izpolnite obrazec za povpra\u0161evanje ali obrazec za naro\u010dilo servisa.<\/p><\/div><\/div><\/div><\/div><\/div><\/div><\/div>\t\t\t\t\t\t<\/div>\n\t\t\t\t<\/div>\n\t\t\t\t<div class=\"elementor-element elementor-element-90cb901 elementor-widget elementor-widget-heading\" data-id=\"90cb901\" data-element_type=\"widget\" data-widget_type=\"heading.default\">\n\t\t\t\t<div class=\"elementor-widget-container\">\n\t\t\t<h2 class=\"elementor-heading-title elementor-size-default\">Upravljavec<\/h2>\t\t<\/div>\n\t\t\t\t<\/div>\n\t\t\t\t<div class=\"elementor-element elementor-element-a30a55a elementor-widget elementor-widget-text-editor\" data-id=\"a30a55a\" data-element_type=\"widget\" data-widget_type=\"text-editor.default\">\n\t\t\t\t<div class=\"elementor-widget-container\">\n\t\t\t\t\t\t\t<div class=\"row\"><div class=\"col-md-5 col-sm-12\"><div class=\"upper-text\"><div class=\"elementor-element elementor-element-57d9c0c elementor-widget elementor-widget-text-editor\" data-id=\"57d9c0c\" data-element_type=\"widget\" data-widget_type=\"text-editor.default\"><div class=\"elementor-widget-container\"><div class=\"elementor-element elementor-element-759f69a elementor-widget elementor-widget-text-editor\" data-id=\"759f69a\" data-element_type=\"widget\" data-widget_type=\"text-editor.default\"><div class=\"elementor-widget-container\"><p>Upravljavec osebnih podatkov v pomenu, kot ga dolo\u010data Splo\u0161na uredba EU o varstvu osebnih podatkov in veljavni zakon, ki ureja varstvo osebnih podatkov \u2013 GDPR je:<\/p><p><b>Elektroterm d.o.o.<\/b><br \/>Bezena 22<br \/>2342 Ru\u0161e<\/p><p>Telefonska \u0161t.: +386 30 356 373<span class=\"elementor-icon-list-text\"><br \/>E-po\u0161ta: info@elektroterm.si<\/span><\/p><\/div><\/div><\/div><\/div><\/div><\/div><\/div>\t\t\t\t\t\t<\/div>\n\t\t\t\t<\/div>\n\t\t\t\t<div class=\"elementor-element elementor-element-2f4b903 elementor-widget elementor-widget-heading\" data-id=\"2f4b903\" data-element_type=\"widget\" data-widget_type=\"heading.default\">\n\t\t\t\t<div class=\"elementor-widget-container\">\n\t\t\t<h2 class=\"elementor-heading-title elementor-size-default\">Osebni podatki in namen njihove obdelave<\/h2>\t\t<\/div>\n\t\t\t\t<\/div>\n\t\t\t\t<div class=\"elementor-element elementor-element-173fe33 elementor-widget elementor-widget-text-editor\" data-id=\"173fe33\" data-element_type=\"widget\" data-widget_type=\"text-editor.default\">\n\t\t\t\t<div class=\"elementor-widget-container\">\n\t\t\t\t\t\t\t<div class=\"row\"><div class=\"col-md-5 col-sm-12\"><div class=\"upper-text\"><div class=\"elementor-element elementor-element-57d9c0c elementor-widget elementor-widget-text-editor\" data-id=\"57d9c0c\" data-element_type=\"widget\" data-widget_type=\"text-editor.default\"><div class=\"elementor-widget-container\"><div class=\"elementor-element elementor-element-759f69a elementor-widget elementor-widget-text-editor\" data-id=\"759f69a\" data-element_type=\"widget\" data-widget_type=\"text-editor.default\"><div class=\"elementor-widget-container\"><p>Z izpolnitvijo obrazca na na\u0161i spletni strani in potrditvijo posredujete naslednje kontaktne podatke:<\/p><ul><li>Ime<\/li><li>Priimek<\/li><li>e-po\u0161tni naslov<\/li><li>Telefonsko \u0161tevilko<\/li><\/ul><p>Kontaktne podatke, ki nam jih posredujete ob izpolnitvi oz. oddaji obrazca, potrebujemo za obdelavo va\u0161ega naro\u010dila in za komunikacijo z vami glede informacij o na\u0161ih storitvah. V primeru, da nam ne posredujete navedenih kontaktnih podatkov, va\u0161ega naro\u010dila ne bomo obdelali.<\/p><p><b>Elektroterm d.o.o. <\/b> spo\u0161tuje va\u0161o zasebnost in je zavezan, da pri zbiranju, hrambi in obdelavi osebnih podatkov ravna skrbno in v skladu z veljavnimi predpisi o varstvu osebnih podatkov.<\/p><p>Da bi prepre\u010dili nepoobla\u0161\u010den dostop do pridobljenih podatkov ali njihovo razkritje, ohranili natan\u010dnost osebnih podatkov in zagotovili njihovo ustrezno uporabo, uporabljamo ustrezne tehni\u010dne in organizacijske postopke za zavarovanje podatkov, ki jih zbiramo. <b>Elektroterm d.o.o.<\/b>\u00a0ne more izklju\u010diti morebitne zlorabe podatkov, saj je internet navkljub varnostnim ukrepom in varnostnim komunikacijskim protokolom nepredvidljiv medij.<\/p><\/div><\/div><\/div><\/div><\/div><\/div><\/div>\t\t\t\t\t\t<\/div>\n\t\t\t\t<\/div>\n\t\t\t\t<div class=\"elementor-element elementor-element-f716739 elementor-widget elementor-widget-heading\" data-id=\"f716739\" data-element_type=\"widget\" data-widget_type=\"heading.default\">\n\t\t\t\t<div class=\"elementor-widget-container\">\n\t\t\t<h2 class=\"elementor-heading-title elementor-size-default\">Soglasje<\/h2>\t\t<\/div>\n\t\t\t\t<\/div>\n\t\t\t\t<div class=\"elementor-element elementor-element-a900f29 elementor-widget elementor-widget-text-editor\" data-id=\"a900f29\" data-element_type=\"widget\" data-widget_type=\"text-editor.default\">\n\t\t\t\t<div class=\"elementor-widget-container\">\n\t\t\t\t\t\t\t<p>Osebne podatke, ki nam jih posredujete ob izpolnitvi obrazca, obdelujemo z va\u0161im jasnim in nedvoumnim soglasjem, ki temelji na \u010dlenu 6 (1), (a) Splo\u0161ne uredbe EU o varstvu osebnih podatkov (GDPR).<\/p><p>Soglasje za obdelavo osebnih podatkov podate s tem, ko na spletni strani <b>Elektroterm d.o.o.<\/b>\u00a0na spletnem obrazcu \u00bbKontakt\u00ab in \u00bbPo\u0161lji povpra\u0161evanje\u00ab obkljukate, da se strinjate z varnostnim dolo\u010dilom. Svoje soglasje lahko kadarkoli umaknete s sporo\u010dilom na naslov: <br \/>info@elektroterm.si. Morebiten umik soglasja ne vpliva na zakonitost obdelave va\u0161ih osebnih podatkov v \u010dasu, preden je bil umik podan.<\/p>\t\t\t\t\t\t<\/div>\n\t\t\t\t<\/div>\n\t\t\t\t<div class=\"elementor-element elementor-element-8f1075a elementor-widget elementor-widget-heading\" data-id=\"8f1075a\" data-element_type=\"widget\" data-widget_type=\"heading.default\">\n\t\t\t\t<div class=\"elementor-widget-container\">\n\t\t\t<h2 class=\"elementor-heading-title elementor-size-default\">Va\u0161e pravice<\/h2>\t\t<\/div>\n\t\t\t\t<\/div>\n\t\t\t\t<div class=\"elementor-element elementor-element-c58115c elementor-widget elementor-widget-text-editor\" data-id=\"c58115c\" data-element_type=\"widget\" data-widget_type=\"text-editor.default\">\n\t\t\t\t<div class=\"elementor-widget-container\">\n\t\t\t\t\t\t\t<p>V skladu z dolo\u010dili Splo\u0161ne uredbe EU o varstvu osebnih podatkov (GDPR) imate pravico do dostopa do va\u0161ih osebnih podatkov, pravico do popravka, pravico do izbrisa (\u00bbpozabe\u00ab), pravico do prenosljivosti, pravico zahtevati omejitev obdelave osebnih podatkov in pravico do ugovora.<\/p><p>Pri uveljavljanju vseh va\u0161ih pravic ali pri pridobivanju dodatnih informacij se obrnite na na\u0161o poobla\u0161\u010deno osebo za varstvo podatkov, ki vam je na voljo na e-naslovu: <br \/>info@elektroterm.si. Va\u0161o vlogo bomo obravnavali in nanjo odgovorili v skladu z GDPR.<\/p><p>\u010ce menite, da so kr\u0161ene va\u0161e pravice ali predpisi o varstvu osebnih podatkov se lahko prito\u017eite pristojnemu dr\u017eavnemu organu:<\/p><p>Informacijski poobla\u0161\u010denec Republike Slovenije (Zalo\u0161ka 59, 1000 Ljubljana, telefon: 01 230 97 30, faks: 01 230 97 78, e-po\u0161ta:gp.ip@ip-rs.si).<\/p>\t\t\t\t\t\t<\/div>\n\t\t\t\t<\/div>\n\t\t\t\t<div class=\"elementor-element elementor-element-2ca5bac elementor-widget elementor-widget-heading\" data-id=\"2ca5bac\" data-element_type=\"widget\" data-widget_type=\"heading.default\">\n\t\t\t\t<div class=\"elementor-widget-container\">\n\t\t\t<h2 class=\"elementor-heading-title elementor-size-default\">\u010cas hrambe osebnih podatkov<\/h2>\t\t<\/div>\n\t\t\t\t<\/div>\n\t\t\t\t<div class=\"elementor-element elementor-element-cb15b64 elementor-widget elementor-widget-text-editor\" data-id=\"cb15b64\" data-element_type=\"widget\" data-widget_type=\"text-editor.default\">\n\t\t\t\t<div class=\"elementor-widget-container\">\n\t\t\t\t\t\t\t<p><strong><b>Elektroterm d.o.o.<\/b><\/strong> hrani va\u0161e osebne podatke toliko \u010dasa, kolikor je to potrebno za namen obdelave povpra\u0161evanja.<\/p><p>Rok hrambe osebnih podatkov se lahko razlikuje glede na veljavno sektorsko zakonodajo (npr. zakonodaja s podro\u010dja davkov, ra\u010dunovodstva). V primeru, ko veljavna sektorska zakonodaja dolo\u010da obvezne roke za hrambo osebnih podatkov, <b>Elektroterm d.o.o.<\/b>\u00a0izbri\u0161e osebne podatke po poteku z zakonom predpisanega obveznega roka.<\/p>\t\t\t\t\t\t<\/div>\n\t\t\t\t<\/div>\n\t\t\t\t<\/div>\n\t\t\t\t\t<\/div>\n\t\t\t\t<\/div>\n\t\t\t\t<\/div>","protected":false},"excerpt":{"rendered":"<p>Ta politika varovanja podatkov ureja zbiranje, hrambo in obdelavo osebnih podatkov, ki jih Elektroterm d.o.o.\u00a0zbira od vas, ko izpolnite obrazec za povpra\u0161evanje ali obrazec za naro\u010dilo servisa. Upravljavec Upravljavec osebnih podatkov v pomenu, kot ga dolo\u010data Splo\u0161na uredba EU o varstvu osebnih podatkov in veljavni zakon, ki ureja varstvo osebnih podatkov \u2013 GDPR je: Elektroterm [&hellip;]<\/p>","protected":false},"author":1,"featured_media":0,"parent":0,"menu_order":0,"comment_status":"closed","ping_status":"closed","template":"","meta":{"_seopress_robots_primary_cat":"","_seopress_titles_title":"","_seopress_titles_desc":"","_seopress_robots_index":"","footnotes":""},"class_list":["post-27811","page","type-page","status-publish","hentry","entry"],"_links":{"self":[{"href":"https:\/\/www.elektroterm.si\/en\/wp-json\/wp\/v2\/pages\/27811"}],"collection":[{"href":"https:\/\/www.elektroterm.si\/en\/wp-json\/wp\/v2\/pages"}],"about":[{"href":"https:\/\/www.elektroterm.si\/en\/wp-json\/wp\/v2\/types\/page"}],"author":[{"embeddable":true,"href":"https:\/\/www.elektroterm.si\/en\/wp-json\/wp\/v2\/users\/1"}],"replies":[{"embeddable":true,"href":"https:\/\/www.elektroterm.si\/en\/wp-json\/wp\/v2\/comments?post=27811"}],"version-history":[{"count":0,"href":"https:\/\/www.elektroterm.si\/en\/wp-json\/wp\/v2\/pages\/27811\/revisions"}],"wp:attachment":[{"href":"https:\/\/www.elektroterm.si\/en\/wp-json\/wp\/v2\/media?parent=27811"}],"curies":[{"name":"wp","href":"https:\/\/api.w.org\/{rel}","templated":true}]}}