{"id":27799,"date":"2024-03-12T17:35:41","date_gmt":"2024-03-12T17:35:41","guid":{"rendered":"https:\/\/www.maslak-trade.si\/testerji-elektricnih-velicin-copy\/"},"modified":"2026-01-29T16:45:15","modified_gmt":"2026-01-29T16:45:15","slug":"piskotki","status":"publish","type":"page","link":"https:\/\/www.elektroterm.si\/en\/piskotki\/","title":{"rendered":"Pi\u0161kotki"},"content":{"rendered":"<div data-elementor-type=\"wp-page\" data-elementor-id=\"27799\" class=\"elementor elementor-27799\" data-elementor-post-type=\"page\">\n\t\t\t\t<div class=\"elementor-element elementor-element-2794ae9 e-flex e-con-boxed e-con e-parent\" data-id=\"2794ae9\" data-element_type=\"container\" data-settings=\"{&quot;jet_parallax_layout_list&quot;:[{&quot;_id&quot;:&quot;792c3cc&quot;,&quot;jet_parallax_layout_image&quot;:{&quot;url&quot;:&quot;&quot;,&quot;id&quot;:&quot;&quot;,&quot;size&quot;:&quot;&quot;},&quot;jet_parallax_layout_image_tablet&quot;:{&quot;url&quot;:&quot;&quot;,&quot;id&quot;:&quot;&quot;,&quot;size&quot;:&quot;&quot;},&quot;jet_parallax_layout_image_mobile&quot;:{&quot;url&quot;:&quot;&quot;,&quot;id&quot;:&quot;&quot;,&quot;size&quot;:&quot;&quot;},&quot;jet_parallax_layout_speed&quot;:{&quot;unit&quot;:&quot;%&quot;,&quot;size&quot;:50,&quot;sizes&quot;:[]},&quot;jet_parallax_layout_type&quot;:&quot;scroll&quot;,&quot;jet_parallax_layout_direction&quot;:null,&quot;jet_parallax_layout_fx_direction&quot;:null,&quot;jet_parallax_layout_z_index&quot;:&quot;&quot;,&quot;jet_parallax_layout_bg_x&quot;:50,&quot;jet_parallax_layout_bg_x_tablet&quot;:&quot;&quot;,&quot;jet_parallax_layout_bg_x_mobile&quot;:&quot;&quot;,&quot;jet_parallax_layout_bg_y&quot;:50,&quot;jet_parallax_layout_bg_y_tablet&quot;:&quot;&quot;,&quot;jet_parallax_layout_bg_y_mobile&quot;:&quot;&quot;,&quot;jet_parallax_layout_bg_size&quot;:&quot;auto&quot;,&quot;jet_parallax_layout_bg_size_tablet&quot;:&quot;&quot;,&quot;jet_parallax_layout_bg_size_mobile&quot;:&quot;&quot;,&quot;jet_parallax_layout_animation_prop&quot;:&quot;transform&quot;,&quot;jet_parallax_layout_on&quot;:[&quot;desktop&quot;,&quot;tablet&quot;]}],&quot;background_background&quot;:&quot;classic&quot;}\">\n\t\t\t\t\t<div class=\"e-con-inner\">\n\t\t<div class=\"elementor-element elementor-element-18c9868 e-con-full e-flex e-con e-child\" data-id=\"18c9868\" data-element_type=\"container\" data-settings=\"{&quot;jet_parallax_layout_list&quot;:[]}\">\n\t\t\t\t<div class=\"elementor-element elementor-element-f240ae6 elementor-widget__width-initial elementor-widget-mobile__width-inherit elementor-widget elementor-widget-heading\" data-id=\"f240ae6\" data-element_type=\"widget\" data-widget_type=\"heading.default\">\n\t\t\t\t<div class=\"elementor-widget-container\">\n\t\t\t<h2 class=\"elementor-heading-title elementor-size-default\">Pi\u0161kotki<\/h2>\t\t<\/div>\n\t\t\t\t<\/div>\n\t\t\t\t<div class=\"elementor-element elementor-element-7854cfb elementor-widget elementor-widget-pp-divider\" data-id=\"7854cfb\" data-element_type=\"widget\" data-widget_type=\"pp-divider.default\">\n\t\t\t\t<div class=\"elementor-widget-container\">\n\t\t\t\t\t<div class=\"pp-divider-wrap\">\n\t\t\t\t\t\t\t<div class=\"pp-divider pp-divider-vertical vertical pp-divider-solid solid\"><\/div>\n\t\t\t\t\t\t<\/div>    \n\t\t\t\t<\/div>\n\t\t\t\t<\/div>\n\t\t\t\t<div class=\"elementor-element elementor-element-a26289c elementor-widget elementor-widget-text-editor\" data-id=\"a26289c\" data-element_type=\"widget\" data-widget_type=\"text-editor.default\">\n\t\t\t\t<div class=\"elementor-widget-container\">\n\t\t\t\t\t\t\t<div class=\"row\"><div class=\"col-md-5 col-sm-12\"><div class=\"upper-text\"><div class=\"elementor-element elementor-element-57d9c0c elementor-widget elementor-widget-text-editor\" data-id=\"57d9c0c\" data-element_type=\"widget\" data-widget_type=\"text-editor.default\"><div class=\"elementor-widget-container\"><div class=\"elementor-element elementor-element-759f69a elementor-widget elementor-widget-text-editor\" data-id=\"759f69a\" data-element_type=\"widget\" data-widget_type=\"text-editor.default\"><div class=\"elementor-widget-container\"><p>Pi\u0161kotki so besedilne datoteke, ki jih na va\u0161 ra\u010dunalnik nalo\u017ei spletni stre\u017enik. Pi\u0161kotki ne vsebujejo nobenih podatkov s katerimi bi lahko ugotovili va\u0161o identiteto. S pomo\u010djo pi\u0161kotkov stre\u017enik ve, da ste se vrnili na spletno stran, kar lahko s pridom izkoristimo za prilagoditev spletnega mesta uporabniku.<\/p><p>Ve\u010dina brskalnikov pi\u0161kotke samodejno sprejema. \u010ce jih ne \u017eelite sprejemati ali pa \u017eelite, da ste obve\u0161\u010deni preden se pi\u0161kotek nalo\u017ei na va\u0161 ra\u010dunalnik lahko to dolo\u010dite v nastavitvah brskalnika.<\/p><p>Oglas\u030cevalski pis\u030ckotki spremljajo posameznikovo uporabo spletne strani ponudnika, razen c\u030ce se posameznik z uporabo pis\u030ckotkov na strani ne strinja.<\/p><p>Uporabo pi\u0161kotkov v Evropski uniji (EU) dolo\u010da Direktiva o zasebnosti in elektronskih komunikacijah 2002\/58\/ES, katere \u010dlen, ki se nana\u0161a na pi\u0161kotke in podobne tehnologije, je bil spremenjen z Direktivo 136\/2009.<\/p><p>V slovenski zakonodaji uporabo pi\u0161kotkov dolo\u010da Zakon o elektronskih komunikacijah oziroma ZEKom-1 (Uradni list \u0161t. 109\/2012), katerega 157. \u010dlen predstavlja pravno osnovo za skrb za zasebnost uporabnikov spleta.<\/p><p>Spletna stran podjetja <b>Elektroterm d.o.o.<\/b><b>\u00a0<\/b>za delovanje strani uporablja pi\u0161kotke, ki ne hranijo osebnih podatkov, spremljajo pa aktivnosti obiskovalcev in zanimanje z namenom zagotavljanja bolj\u0161e uporabni\u0161ke izku\u0161nje. Z uporabo spletne strani obiskovalci sogla\u0161ajo z njihovo uporabo.<\/p><\/div><div class=\"elementor-element elementor-element-9a37bc2 elementor-widget elementor-widget-text-editor\" data-id=\"9a37bc2\" data-element_type=\"widget\" data-widget_type=\"text-editor.default\"><div class=\"elementor-widget-container\"><div class=\"wpb_text_column wpb_content_element\"><div class=\"wpb_wrapper\"><p class=\"plain\"><strong>Kako upravljati pi\u0161kotke na osebnem ra\u010dunalniku\u00a0<\/strong><\/p><p>\u010ce \u017eelite onemogo\u010diti pi\u0161kotke na\u0161e spletne strani, sledite spodnjim korakom.<\/p><\/div><\/div><\/div><\/div><div class=\"elementor-element elementor-element-72b9a36 elementor-widget elementor-widget-text-editor\" data-id=\"72b9a36\" data-element_type=\"widget\" data-widget_type=\"text-editor.default\"><div class=\"elementor-widget-container\"><div class=\"wpb_text_column wpb_content_element\"><div class=\"wpb_wrapper\"><ol><li><p><strong>Google Chrome:<\/strong><\/p><ul><li>Odprite brskalnik Google Chrome.<\/li><li>Kliknite na tri pike v zgornjem desnem kotu okna (nad oknom za brskanje).<\/li><li>Izberite \u201cNastavitve\u201d.<\/li><li>Pomaknite se navzdol in kliknite na \u201cNapredne\u201d.<\/li><li>Pod razdelkom \u201cZasebnost in varnost\u201d kliknite na \u201cNastavitve vsebine\u201d.<\/li><li>Izberite \u201cPi\u0161kotki\u201d.<\/li><li>Preklopite stikalo na \u201cBlokiraj\u201d za onemogo\u010danje pi\u0161kotkov.<\/li><\/ul><\/li><li><p><strong>Mozilla Firefox:<\/strong><\/p><ul><li>Odprite brskalnik Mozilla Firefox.<\/li><li>Kliknite na tri \u010drte v zgornjem desnem kotu okna (nad oknom za brskanje).<\/li><li>Izberite \u201cNastavitve\u201d.<\/li><li>Pomaknite se do razdelka \u201cZasebnost &amp; varnost\u201d.<\/li><li>V razdelku \u201cZgodovina\u201d izberite \u201cUporabi nastavitve po meri za zgodovino\u201d.<\/li><li>Ozna\u010dite polje \u201cSprejmi pi\u0161kotke\u201d in izberite \u201cVedno\u201d iz padajo\u010dega menija, nato kliknite \u201cV redu\u201d.<\/li><\/ul><\/li><li><p><strong>Microsoft Edge:<\/strong><\/p><ul><li>Odprite brskalnik Microsoft Edge.<\/li><li>Kliknite na tri pike v zgornjem desnem kotu okna (nad oknom za brskanje).<\/li><li>Izberite \u201cNastavitve\u201d.<\/li><li>Pomaknite se navzdol in kliknite na \u201cOgledi vseh nastavitev\u201d.<\/li><li>Izberite \u201cZasebnost in storitve\u201d.<\/li><li>Pod \u201cPi\u0161kotki\u201d preklopite stikalo na \u201cOnemogo\u010di\u201d.<\/li><\/ul><\/li><li><p><strong>Apple Safari:<\/strong><\/p><ul><li>Odprite brskalnik Safari.<\/li><li>Kliknite na \u201cSafari\u201d v zgornji meni vrstici.<\/li><li>Izberite \u201cNastavitve\u201d.<\/li><li>Kliknite na \u201cZasebnost\u201d.<\/li><li>V razdelku \u201cPi\u0161kotki in podatki spletnih mest\u201d izberite \u201cVedno blokiraj\u201d.<\/li><\/ul><\/li><\/ol><p>Po izvedbi teh korakov boste onemogo\u010dili pi\u0161kotke v izbranem brskalniku na va\u0161em osebnem ra\u010dunalniku. Upo\u0161tevajte, da bo onemogo\u010danje pi\u0161kotkov lahko vplivalo na izku\u0161njo brskanja na spletnem mestu.<\/p><\/div><\/div><\/div><\/div><\/div><\/div><\/div><\/div><\/div><\/div>\t\t\t\t\t\t<\/div>\n\t\t\t\t<\/div>\n\t\t\t\t<\/div>\n\t\t\t\t\t<\/div>\n\t\t\t\t<\/div>\n\t\t\t\t<\/div>","protected":false},"excerpt":{"rendered":"<p>Pi\u0161kotki so besedilne datoteke, ki jih na va\u0161 ra\u010dunalnik nalo\u017ei spletni stre\u017enik. Pi\u0161kotki ne vsebujejo nobenih podatkov s katerimi bi lahko ugotovili va\u0161o identiteto. S pomo\u010djo pi\u0161kotkov stre\u017enik ve, da ste se vrnili na spletno stran, kar lahko s pridom izkoristimo za prilagoditev spletnega mesta uporabniku. Ve\u010dina brskalnikov pi\u0161kotke samodejno sprejema. \u010ce jih ne \u017eelite [&hellip;]<\/p>","protected":false},"author":1,"featured_media":0,"parent":0,"menu_order":0,"comment_status":"closed","ping_status":"closed","template":"","meta":{"_seopress_robots_primary_cat":"","_seopress_titles_title":"","_seopress_titles_desc":"","_seopress_robots_index":"","footnotes":""},"class_list":["post-27799","page","type-page","status-publish","hentry","entry"],"_links":{"self":[{"href":"https:\/\/www.elektroterm.si\/en\/wp-json\/wp\/v2\/pages\/27799"}],"collection":[{"href":"https:\/\/www.elektroterm.si\/en\/wp-json\/wp\/v2\/pages"}],"about":[{"href":"https:\/\/www.elektroterm.si\/en\/wp-json\/wp\/v2\/types\/page"}],"author":[{"embeddable":true,"href":"https:\/\/www.elektroterm.si\/en\/wp-json\/wp\/v2\/users\/1"}],"replies":[{"embeddable":true,"href":"https:\/\/www.elektroterm.si\/en\/wp-json\/wp\/v2\/comments?post=27799"}],"version-history":[{"count":0,"href":"https:\/\/www.elektroterm.si\/en\/wp-json\/wp\/v2\/pages\/27799\/revisions"}],"wp:attachment":[{"href":"https:\/\/www.elektroterm.si\/en\/wp-json\/wp\/v2\/media?parent=27799"}],"curies":[{"name":"wp","href":"https:\/\/api.w.org\/{rel}","templated":true}]}}